{"id":2194,"date":"2024-02-05T19:46:46","date_gmt":"2024-02-05T19:46:46","guid":{"rendered":"https:\/\/danubecup.eu\/hu\/?page_id=2194"},"modified":"2024-02-14T07:41:28","modified_gmt":"2024-02-14T07:41:28","slug":"felhivas-booster-treningre","status":"publish","type":"page","link":"https:\/\/danubecup.eu\/hu\/felhivas-booster-treningre\/","title":{"rendered":"Felh\u00edv\u00e1s booster tr\u00e9ningre 2024"},"content":{"rendered":"<h2><\/h2>\n<h2><b>FELH\u00cdV\u00c1S \u2013 CALL FOR APPLICATION (In English See Below)<\/b><\/h2>\n<p><strong><img fetchpriority=\"high\" decoding=\"async\" class=\"size-full wp-image-1880 aligncenter\" src=\"https:\/\/danubecup.eu\/hu\/wp-content\/uploads\/sites\/2\/2023\/01\/DC.jpg\" alt=\"\" width=\"900\" height=\"506\" srcset=\"https:\/\/danubecup.eu\/hu\/wp-content\/uploads\/sites\/2\/2023\/01\/DC.jpg 900w, https:\/\/danubecup.eu\/hu\/wp-content\/uploads\/sites\/2\/2023\/01\/DC-300x169.jpg 300w, https:\/\/danubecup.eu\/hu\/wp-content\/uploads\/sites\/2\/2023\/01\/DC-768x432.jpg 768w\" sizes=\"(max-width: 900px) 100vw, 900px\" \/><\/strong><\/p>\n<h2><b>A Danube Cup nemzetk\u00f6zi startup verseny felk\u00e9sz\u00edt\u0151 BOOSTER tr\u00e9ningj\u00e9re!<\/b><\/h2>\n<h2><b>For the Preparatory BOOSTER training of Danube Cup International Start-up Competition<\/b><\/h2>\n<p><span style=\"font-weight: 400;\">\u00a0<\/span><\/p>\n<p><span style=\"font-weight: 400;\">Van m\u00e1r egy v\u00e1llalkoz\u00e1si \u00f6tletetek, dolgoztok az \u00fczleti terven, \u00e9s megm\u00e9rettetn\u00e9tek magatokat nemzetk\u00f6zi k\u00f6rnyezetben is? Akkor Nektek sz\u00f3l a Danube Cup verseny! Most ingyenes, angol nyelv\u0171 felk\u00e9sz\u00edt\u0151n vehettek r\u00e9szt a BME GTK \u00e9s a Corvinus k\u00f6z\u00f6s szervez\u00e9s\u00e9ben, v\u00e1llalkoz\u00e1sind\u00edt\u00e1si szak\u00e9rt\u0151k bevon\u00e1s\u00e1val. A Danube Cup csapat \u00e9vek \u00f3ta k\u00e9sz\u00edti fel gyakorlati k\u00e9pz\u00e9seken a j\u00f6v\u0151 v\u00e1llalkoz\u00f3it, hogy min\u00e9l biztosabban, tud\u00e1ssal felv\u00e9rtezve v\u00e1gjanak neki az \u00e9les megm\u00e9rettet\u00e9snek.<\/span><\/p>\n<p><b>A Corvinus \u00e9s a BME GTK, egym\u00e1ssal kar\u00f6ltve, kurzust ind\u00edt 2024 febru\u00e1rj\u00e1t\u00f3l, hogy felk\u00e9sz\u00edtse az \u00e9rdekl\u0151d\u0151 startup csapatokat a Danube Cup nemzetk\u00f6zi egyetemi v\u00e1llalkoz\u00f3i pitch versenyre, melyet 2024 m\u00e1jus\u00e1ban Linzben szervez a Johannes Kepler Egyetem.\u00a0<\/b><\/p>\n<p><img decoding=\"async\" class=\"size-full wp-image-2188\" src=\"https:\/\/danubecup.eu\/hu\/wp-content\/uploads\/sites\/2\/2024\/02\/ArcLentia_Linz\u00a9Linz-Tourismus_Johann-Steininger_-scaled.jpg\" alt=\"\" width=\"2560\" height=\"613\" srcset=\"https:\/\/danubecup.eu\/hu\/wp-content\/uploads\/sites\/2\/2024\/02\/ArcLentia_Linz\u00a9Linz-Tourismus_Johann-Steininger_-scaled.jpg 2560w, https:\/\/danubecup.eu\/hu\/wp-content\/uploads\/sites\/2\/2024\/02\/ArcLentia_Linz\u00a9Linz-Tourismus_Johann-Steininger_-300x72.jpg 300w, https:\/\/danubecup.eu\/hu\/wp-content\/uploads\/sites\/2\/2024\/02\/ArcLentia_Linz\u00a9Linz-Tourismus_Johann-Steininger_-1024x245.jpg 1024w, https:\/\/danubecup.eu\/hu\/wp-content\/uploads\/sites\/2\/2024\/02\/ArcLentia_Linz\u00a9Linz-Tourismus_Johann-Steininger_-768x184.jpg 768w, https:\/\/danubecup.eu\/hu\/wp-content\/uploads\/sites\/2\/2024\/02\/ArcLentia_Linz\u00a9Linz-Tourismus_Johann-Steininger_-1536x368.jpg 1536w, https:\/\/danubecup.eu\/hu\/wp-content\/uploads\/sites\/2\/2024\/02\/ArcLentia_Linz\u00a9Linz-Tourismus_Johann-Steininger_-2048x490.jpg 2048w\" sizes=\"(max-width: 2560px) 100vw, 2560px\" \/>Panorama Linz<\/p>\n<p><span style=\"font-weight: 400;\">A hazai angol nyelv\u0171 versenyt, ahol kiv\u00e1lasztjuk a BME-t \u00e9s a Corvinus-t k\u00e9pvisel\u0151 csapatokat,<\/span><b>\u00a02024. \u00e1prilis <\/b><span style=\"font-weight: 400;\">k\u00f6zep\u00e9n\u00a0rendezz\u00fck a Budapesti M\u0171szaki \u00e9s Gazdas\u00e1gtudom\u00e1nyi Egyetemen.<\/span><\/p>\n<p><span style=\"font-weight: 400;\">Haszn\u00e1ld ki a lehet\u0151s\u00e9get, mert \u00e9vente csak egyszer indul ez a kurzus, ami a j\u00f6v\u0151det is \u00e1talak\u00edthatja!<\/span><\/p>\n<p><span style=\"font-weight: 400;\">MI AZ, AMIT NY\u00daJTUNK?<\/span><\/p>\n<ul>\n<li style=\"font-weight: 400;\" aria-level=\"1\"><span style=\"font-weight: 400;\">6 hetes intenz\u00edv felk\u00e9sz\u00edt\u00e9s, 2024. febru\u00e1r v\u00e9g\u00e9t\u0151l \u00e1prilis k\u00f6zep\u00e9ig. (A tervezett kontakt \u00f3rasz\u00e1m kb 15. \u00f3ra; \u00f6sszess\u00e9g\u00e9ben otthoni k\u00e9sz\u00fcl\u00e9ssel 30 \u00f3ra.)<\/span><\/li>\n<li style=\"font-weight: 400;\" aria-level=\"1\"><span style=\"font-weight: 400;\">Ez 6 alkalmas gyakorlati foglalkoz\u00e1st jelent, v\u00e1llalkoz\u00f3kkal, szak\u00e9rt\u0151kkel.<\/span><\/li>\n<li style=\"font-weight: 400;\" aria-level=\"1\"><span style=\"font-weight: 400;\">Tal\u00e1lkozhatsz sikeres startupperekkel \u00e9s Hozz\u00e1d hasonl\u00f3 fiatal v\u00e1llalkoz\u00f3-jel\u00f6ltekkel.<\/span><\/li>\n<li style=\"font-weight: 400;\" aria-level=\"1\"><span style=\"font-weight: 400;\">Befogad\u00f3, t\u00e1mogat\u00f3 k\u00f6z\u00f6ss\u00e9g.<\/span><\/li>\n<\/ul>\n<p>&nbsp;<\/p>\n<h2><span style=\"font-weight: 400;\">A k\u00e9pz\u00e9s r\u00e9sze a\u00a0<\/span><b>Danube Cup 2024 Kick-off<\/b><span style=\"font-weight: 400;\">\u00a0rendezv\u00e9ny (2024. febru\u00e1r 19. 9:40)\u00a0ahol t\u00f6bbek k\u00f6z\u00f6tt\u00a0<\/span><b>Schiller M\u00e1rk (Schiller aut\u00f3)<\/b><span style=\"font-weight: 400;\"> fogja megosztani gondolatait, hogy mi\u00e9rt \u00e9rdemes v\u00e1llalkozni. A r\u00e9szletekr\u0151l itt olvashatsz:\u00a0<\/span><a href=\"https:\/\/www.facebook.com\/events\/1543531356411493\/\"><span style=\"font-weight: 400;\">https:\/\/www.facebook.com\/events\/1543531356411493\/<\/span><\/a><\/h2>\n<p><span style=\"font-weight: 400;\">\u00a0<\/span><\/p>\n<p><span style=\"font-weight: 400;\">MI AZ, AMIT KAPHATSZ?<\/span><\/p>\n<p><span style=\"font-weight: 400;\">Tud\u00e1st, tapasztalatot. \u00d6nbizalmat. Nemzetk\u00f6zi kapcsolatokat. Piackutat\u00e1si gyakorlatot. A siker receptj\u00e9t.<\/span><\/p>\n<p><span style=\"font-weight: 400;\">Mindez INGYEN a BME-s \u00e9s Corvinusos hallgat\u00f3knak, szakt\u00f3l, k\u00e9pz\u00e9st\u0151l f\u00fcggetlen\u00fcl.<\/span><\/p>\n<p><span style=\"font-weight: 400;\">\u00a0<\/span><span style=\"font-weight: 400;\">JELENTKEZ\u00c9SI FELT\u00c9TELEK:<\/span><\/p>\n<ul>\n<li style=\"font-weight: 400;\" aria-level=\"1\"><span style=\"font-weight: 400;\">Legyen egy v\u00e1llalkoz\u00e1si \u00f6tleted, amit komolyan gondolsz<\/span><\/li>\n<li style=\"font-weight: 400;\" aria-level=\"1\"><span style=\"font-weight: 400;\">Prefer\u00e1lt, hogy legyen egy csapatod, akikkel egy\u00fctt v\u00e1g(ta)tok neki az \u00e1lmaitok megval\u00f3s\u00edt\u00e1s\u00e1nak. Emellett egy\u00e9ni jelentkez\u00e9sre is van lehet\u0151s\u00e9g.<\/span><\/li>\n<li style=\"font-weight: 400;\" aria-level=\"1\"><span style=\"font-weight: 400;\">Early stage: Legyetek t\u00fal az \u00f6tletel\u00e9si \u00e9s piacmegismer\u00e9si f\u00e1zison, legyen valid\u00e1l\u00e1si tervetek, ak\u00e1r el\u0151zetes protot\u00edpusotok (MVP, pretot\u00edpus, \u201cmintha term\u00e9k\u201d, stb.)<\/span><\/li>\n<li style=\"font-weight: 400;\" aria-level=\"1\"><span style=\"font-weight: 400;\">Sajnos azok a csapatok, akik m\u00e1r piaci befektet\u00e9st kaptak, nem indulhatnak a Danube Cup versenyben (\u00f6szt\u00f6nd\u00edj nem kiz\u00e1r\u00f3 t\u00e9nyez\u0151)<\/span><\/li>\n<li style=\"font-weight: 400;\" aria-level=\"1\"><span style=\"font-weight: 400;\">Legy\u00e9l nyitott a tapasztalatszerz\u00e9sre, \u00e9s arra, hogy profikt\u00f3l tanulhatsz.<\/span><\/li>\n<\/ul>\n<h2><span style=\"font-weight: 400;\">Csapatonk\u00e9nt k\u00e9sz\u00edtsetek egy ONE PAGERT a v\u00e1llalkoz\u00e1sr\u00f3l, valamint egy m\u00e1sik oldalon mutass\u00e1tok be a csapattagokat, \u00e9s k\u00fcldj\u00e9tek el nek\u00fcnk az al\u00e1bbi c\u00edmre<\/span><span style=\"font-weight: 400;\"><br \/>\n<\/span><span style=\"font-weight: 400;\">legk\u00e9s\u0151bb\u00a0<\/span><b>2024. febru\u00e1r 23-ig:\u00a0<\/b><\/h2>\n<p><a href=\"mailto:krisztian.pota@uni-corvinus.hu\"><span style=\"font-weight: 400;\">krisztian.pota@uni-corvinus.hu<\/span><\/a><\/p>\n<p>&nbsp;<\/p>\n<p><span style=\"font-weight: 400;\">DANUBE CUP f\u0151szervez\u0151k: Dr. Danyi P\u00e1l (BME), Dr. Pethe\u0151 Attila (Budapesti Corvinus Egyetem), Dr. Vecsenyi J\u00e1nos (BME, Corvinus), Borb\u00e9ly Viktor \u00e9s Dehel\u00e1n G\u00e1bor (BME FIEK)<\/span><\/p>\n<p><span style=\"font-weight: 400;\">\u00a0<\/span><\/p>\n<p><img decoding=\"async\" class=\"wp-image-1734 aligncenter\" src=\"https:\/\/danubecup.eu\/hu\/wp-content\/uploads\/sites\/2\/2022\/04\/Corvinus2-scaled.jpg\" alt=\"\" width=\"1325\" height=\"883\" srcset=\"https:\/\/danubecup.eu\/hu\/wp-content\/uploads\/sites\/2\/2022\/04\/Corvinus2-scaled.jpg 2560w, https:\/\/danubecup.eu\/hu\/wp-content\/uploads\/sites\/2\/2022\/04\/Corvinus2-300x200.jpg 300w, https:\/\/danubecup.eu\/hu\/wp-content\/uploads\/sites\/2\/2022\/04\/Corvinus2-1024x683.jpg 1024w, https:\/\/danubecup.eu\/hu\/wp-content\/uploads\/sites\/2\/2022\/04\/Corvinus2-768x512.jpg 768w, https:\/\/danubecup.eu\/hu\/wp-content\/uploads\/sites\/2\/2022\/04\/Corvinus2-1536x1024.jpg 1536w, https:\/\/danubecup.eu\/hu\/wp-content\/uploads\/sites\/2\/2022\/04\/Corvinus2-2048x1365.jpg 2048w\" sizes=\"(max-width: 1325px) 100vw, 1325px\" \/><\/p>\n<p>&nbsp;<\/p>\n<p>&nbsp;<\/p>\n<h2><b>CALL FOR APPLICATION \u2013 INVITATION<\/b><\/h2>\n<h2><b>to a preparatory training for the Danube Cup international start-up competition<\/b><\/h2>\n<p><span style=\"font-weight: 400;\">\u00a0<\/span><\/p>\n<p><span style=\"font-weight: 400;\">Do you have a business idea? Are you working on your business plan? Would you like to compete in an international environment?<\/span><\/p>\n<p><span style=\"font-weight: 400;\">If yes, the Danube Cup competition is definitely for you!<\/span><\/p>\n<p><span style=\"font-weight: 400;\">And now the <\/span><b>Corvinus University of Budapest<\/b><span style=\"font-weight: 400;\"> and the Faculty of Economic and Social Sciences at the Budapest University of Technology and Economics (<\/span><b>BME GTK<\/b><span style=\"font-weight: 400;\">) are cooperating to offer a\u00a0<\/span><b>FREE OF CHARGE business development (entrepreneurship) BOOSTER training in English<\/b><span style=\"font-weight: 400;\">! The Danube Cup team has been providing practical training to future entrepreneurs for years so that they can gain the confidence and knowledge they need at the competition.<\/span><\/p>\n<p><span style=\"font-weight: 400;\">\u00a0<\/span><\/p>\n<p><b>The BOOSTER course will run from February until April 2024 to prepare start-up teams for the Danube Cup International Entrepreneurial Pitch Competition for universities. In 2024, the competition will be organised by the Johannes Kepler Universitiy at Linz. Teams representing BME and Corvinus will be selected at the Hungarian Final competition held\u2014in English\u2014in mid April 2024 at BME.<\/b><\/p>\n<p><b>\u00a0<\/b><span style=\"font-weight: 400;\">Grab this opportunity\u2014this course is offered only once a year, and it can transform your future!<\/span><\/p>\n<p><span style=\"font-weight: 400;\">\u00a0<\/span><\/p>\n<p><span style=\"font-weight: 400;\">WHAT WE OFFER:<\/span><\/p>\n<ul>\n<li style=\"font-weight: 400;\" aria-level=\"1\"><span style=\"font-weight: 400;\">A 6-week, intensive business dev course from late February to mid-April 2024. (Planned number of in-person lessons: 15; total number of hours including individual preparation: 30.)<\/span><\/li>\n<li style=\"font-weight: 400;\" aria-level=\"1\"><span style=\"font-weight: 400;\">6 practical sessions with entrepreneurs and<\/span><\/li>\n<li style=\"font-weight: 400;\" aria-level=\"1\"><span style=\"font-weight: 400;\">Opportunity to meet successful start-uppers and young, future entrepreneurs like yourself.<\/span><\/li>\n<li style=\"font-weight: 400;\" aria-level=\"1\"><span style=\"font-weight: 400;\">An inclusive and supportive community.<\/span><\/li>\n<\/ul>\n<h2><span style=\"font-weight: 400;\">Part of the program is the\u00a0<\/span><b>Danube Cup 2024 Kick-off event<\/b><span style=\"font-weight: 400;\">\u00a0(19 February, 2024 9:40 am) where \u2013 among others \u2013 Csaba Kajdi (Cyla) will share his thoughts on why it is worth starting a venture. You can read about the details here:\u00a0<\/span><a href=\"https:\/\/www.facebook.com\/events\/1543531356411493\/\"><span style=\"font-weight: 400;\">https:\/\/www.facebook.com\/events\/1543531356411493\/<\/span><\/a><\/h2>\n<p><span style=\"font-weight: 400;\">\u00a0<\/span><\/p>\n<p><span style=\"font-weight: 400;\">\u00a0<\/span><span style=\"font-weight: 400;\">WHAT YOU GET:<\/span><\/p>\n<p><span style=\"font-weight: 400;\">Knowledge and experience. Self-confidence. International networking opportunities. Experience in market research. The recipe for success.<\/span><\/p>\n<p><span style=\"font-weight: 400;\">All this is FREE for BME and Corvinus students, regardless of their major and programme.<\/span><\/p>\n<p><span style=\"font-weight: 400;\">\u00a0<\/span><span style=\"font-weight: 400;\">ELIGIBILITY:<\/span><\/p>\n<ul>\n<li style=\"font-weight: 400;\" aria-level=\"1\"><span style=\"font-weight: 400;\">You must have a business idea that you take seriously.<\/span><\/li>\n<li style=\"font-weight: 400;\" aria-level=\"1\"><span style=\"font-weight: 400;\">It is preferred if you have a team, but you can apply individually as well.<\/span><\/li>\n<li style=\"font-weight: 400;\" aria-level=\"1\"><span style=\"font-weight: 400;\">Early stage: You must be past the ideation and market research phase, have a validation plan or even a preliminary prototype (MVP, pretotype, mock-up product, etc.).<\/span><\/li>\n<li style=\"font-weight: 400;\" aria-level=\"1\"><span style=\"font-weight: 400;\">Unfortunately, teams that have received funding from the market are not allowed at the Danube Cup competition (scholarships are not a problem).<\/span><\/li>\n<li style=\"font-weight: 400;\" aria-level=\"1\"><span style=\"font-weight: 400;\">You must be open to gaining experience and learning from experts.<\/span><\/li>\n<\/ul>\n<p><span style=\"font-weight: 400;\">\u00a0<\/span><\/p>\n<h2><span style=\"font-weight: 400;\">HOW TO APPLY:<\/span><\/h2>\n<h2><span style=\"font-weight: 400;\">Every team should prepare a ONE PAGER on the venture, as welll as the introduction of the team members on one page, and send them by <\/span><b>23 February 2024<\/b><span style=\"font-weight: 400;\">\u00a0to<\/span><\/h2>\n<h2><a href=\"mailto:krisztian.pota@uni-corvinus.hu\"><span style=\"font-weight: 400;\">krisztian.pota@uni-corvinus.hu<\/span><\/a><\/h2>\n<p><span style=\"font-weight: 400;\">\u00a0<\/span><\/p>\n<p><span style=\"font-weight: 400;\">Key members of the Danube Cup org team: Dr. P\u00e1l Danyi (BME), Dr. Attila Pethe\u0151 (Corvinus University), Dr. J\u00e1nos Vecsenyi (BME), Viktor Borb\u00e9ly and G\u00e1bor Dehel\u00e1n (BME FIEK).<\/span><\/p>\n","protected":false},"excerpt":{"rendered":"<p>FELH\u00cdV\u00c1S \u2013 CALL FOR APPLICATION (In English See Below) A Danube Cup nemzetk\u00f6zi startup verseny felk\u00e9sz\u00edt\u0151 BOOSTER tr\u00e9ningj\u00e9re! For the Preparatory BOOSTER training of Danube Cup International Start-up Competition \u00a0 Van m\u00e1r egy v\u00e1llalkoz\u00e1si \u00f6tletetek, dolgoztok az \u00fczleti terven, \u00e9s megm\u00e9rettetn\u00e9tek magatokat nemzetk\u00f6zi k\u00f6rnyezetben is? Akkor Nektek sz\u00f3l a Danube Cup verseny! Most ingyenes, angol [&hellip;]<\/p>\n","protected":false},"author":1,"featured_media":0,"parent":0,"menu_order":0,"comment_status":"closed","ping_status":"closed","template":"","meta":{"_monsterinsights_skip_tracking":false,"_monsterinsights_sitenote_active":false,"_monsterinsights_sitenote_note":"","_monsterinsights_sitenote_category":0,"footnotes":""},"class_list":["post-2194","page","type-page","status-publish","hentry"],"blocksy_meta":{"styles_descriptor":{"styles":{"desktop":"","tablet":"","mobile":""},"google_fonts":[],"version":6}},"yoast_head":"<!-- This site is optimized with the Yoast SEO plugin v21.9.1 - https:\/\/yoast.com\/wordpress\/plugins\/seo\/ -->\n<title>Felh\u00edv\u00e1s booster tr\u00e9ningre 2024 - DanubeCup HU<\/title>\n<meta name=\"robots\" content=\"index, follow, max-snippet:-1, max-image-preview:large, max-video-preview:-1\" \/>\n<link rel=\"canonical\" href=\"https:\/\/danubecup.eu\/hu\/felhivas-booster-treningre\/\" \/>\n<meta property=\"og:locale\" content=\"en_US\" \/>\n<meta property=\"og:type\" content=\"article\" \/>\n<meta property=\"og:title\" content=\"Felh\u00edv\u00e1s booster tr\u00e9ningre 2024 - DanubeCup HU\" \/>\n<meta property=\"og:description\" content=\"FELH\u00cdV\u00c1S \u2013 CALL FOR APPLICATION (In English See Below) A Danube Cup nemzetk\u00f6zi startup verseny felk\u00e9sz\u00edt\u0151 BOOSTER tr\u00e9ningj\u00e9re! For the Preparatory BOOSTER training of Danube Cup International Start-up Competition \u00a0 Van m\u00e1r egy v\u00e1llalkoz\u00e1si \u00f6tletetek, dolgoztok az \u00fczleti terven, \u00e9s megm\u00e9rettetn\u00e9tek magatokat nemzetk\u00f6zi k\u00f6rnyezetben is? Akkor Nektek sz\u00f3l a Danube Cup verseny! Most ingyenes, angol [&hellip;]\" \/>\n<meta property=\"og:url\" content=\"https:\/\/danubecup.eu\/hu\/felhivas-booster-treningre\/\" \/>\n<meta property=\"og:site_name\" content=\"DanubeCup HU\" \/>\n<meta property=\"article:modified_time\" content=\"2024-02-14T07:41:28+00:00\" \/>\n<meta property=\"og:image\" content=\"https:\/\/danubecup.eu\/hu\/wp-content\/uploads\/sites\/2\/2023\/01\/DC.jpg\" \/>\n<meta name=\"twitter:card\" content=\"summary_large_image\" \/>\n<meta name=\"twitter:label1\" content=\"Est. reading time\" \/>\n\t<meta name=\"twitter:data1\" content=\"5 minutes\" \/>\n<script type=\"application\/ld+json\" class=\"yoast-schema-graph\">{\"@context\":\"https:\/\/schema.org\",\"@graph\":[{\"@type\":\"WebPage\",\"@id\":\"https:\/\/danubecup.eu\/hu\/felhivas-booster-treningre\/\",\"url\":\"https:\/\/danubecup.eu\/hu\/felhivas-booster-treningre\/\",\"name\":\"Felh\u00edv\u00e1s booster tr\u00e9ningre 2024 - DanubeCup HU\",\"isPartOf\":{\"@id\":\"https:\/\/danubecup.eu\/hu\/#website\"},\"datePublished\":\"2024-02-05T19:46:46+00:00\",\"dateModified\":\"2024-02-14T07:41:28+00:00\",\"breadcrumb\":{\"@id\":\"https:\/\/danubecup.eu\/hu\/felhivas-booster-treningre\/#breadcrumb\"},\"inLanguage\":\"en-US\",\"potentialAction\":[{\"@type\":\"ReadAction\",\"target\":[\"https:\/\/danubecup.eu\/hu\/felhivas-booster-treningre\/\"]}]},{\"@type\":\"BreadcrumbList\",\"@id\":\"https:\/\/danubecup.eu\/hu\/felhivas-booster-treningre\/#breadcrumb\",\"itemListElement\":[{\"@type\":\"ListItem\",\"position\":1,\"name\":\"Home\",\"item\":\"https:\/\/danubecup.eu\/hu\/\"},{\"@type\":\"ListItem\",\"position\":2,\"name\":\"Felh\u00edv\u00e1s booster tr\u00e9ningre 2024\"}]},{\"@type\":\"WebSite\",\"@id\":\"https:\/\/danubecup.eu\/hu\/#website\",\"url\":\"https:\/\/danubecup.eu\/hu\/\",\"name\":\"DanubeCup HU\",\"description\":\"Danube Cup Hungarian Website\",\"publisher\":{\"@id\":\"https:\/\/danubecup.eu\/hu\/#organization\"},\"potentialAction\":[{\"@type\":\"SearchAction\",\"target\":{\"@type\":\"EntryPoint\",\"urlTemplate\":\"https:\/\/danubecup.eu\/hu\/?s={search_term_string}\"},\"query-input\":\"required name=search_term_string\"}],\"inLanguage\":\"en-US\"},{\"@type\":\"Organization\",\"@id\":\"https:\/\/danubecup.eu\/hu\/#organization\",\"name\":\"DanubeCup HU\",\"url\":\"https:\/\/danubecup.eu\/hu\/\",\"logo\":{\"@type\":\"ImageObject\",\"inLanguage\":\"en-US\",\"@id\":\"https:\/\/danubecup.eu\/hu\/#\/schema\/logo\/image\/\",\"url\":\"https:\/\/danubecup.eu\/hu\/wp-content\/uploads\/sites\/2\/2022\/02\/dc_primary_colourw.png\",\"contentUrl\":\"https:\/\/danubecup.eu\/hu\/wp-content\/uploads\/sites\/2\/2022\/02\/dc_primary_colourw.png\",\"width\":512,\"height\":155,\"caption\":\"DanubeCup HU\"},\"image\":{\"@id\":\"https:\/\/danubecup.eu\/hu\/#\/schema\/logo\/image\/\"}}]}<\/script>\n<!-- \/ Yoast SEO plugin. -->","yoast_head_json":{"title":"Felh\u00edv\u00e1s booster tr\u00e9ningre 2024 - DanubeCup HU","robots":{"index":"index","follow":"follow","max-snippet":"max-snippet:-1","max-image-preview":"max-image-preview:large","max-video-preview":"max-video-preview:-1"},"canonical":"https:\/\/danubecup.eu\/hu\/felhivas-booster-treningre\/","og_locale":"en_US","og_type":"article","og_title":"Felh\u00edv\u00e1s booster tr\u00e9ningre 2024 - DanubeCup HU","og_description":"FELH\u00cdV\u00c1S \u2013 CALL FOR APPLICATION (In English See Below) A Danube Cup nemzetk\u00f6zi startup verseny felk\u00e9sz\u00edt\u0151 BOOSTER tr\u00e9ningj\u00e9re! For the Preparatory BOOSTER training of Danube Cup International Start-up Competition \u00a0 Van m\u00e1r egy v\u00e1llalkoz\u00e1si \u00f6tletetek, dolgoztok az \u00fczleti terven, \u00e9s megm\u00e9rettetn\u00e9tek magatokat nemzetk\u00f6zi k\u00f6rnyezetben is? Akkor Nektek sz\u00f3l a Danube Cup verseny! Most ingyenes, angol [&hellip;]","og_url":"https:\/\/danubecup.eu\/hu\/felhivas-booster-treningre\/","og_site_name":"DanubeCup HU","article_modified_time":"2024-02-14T07:41:28+00:00","og_image":[{"url":"https:\/\/danubecup.eu\/hu\/wp-content\/uploads\/sites\/2\/2023\/01\/DC.jpg"}],"twitter_card":"summary_large_image","twitter_misc":{"Est. reading time":"5 minutes"},"schema":{"@context":"https:\/\/schema.org","@graph":[{"@type":"WebPage","@id":"https:\/\/danubecup.eu\/hu\/felhivas-booster-treningre\/","url":"https:\/\/danubecup.eu\/hu\/felhivas-booster-treningre\/","name":"Felh\u00edv\u00e1s booster tr\u00e9ningre 2024 - DanubeCup HU","isPartOf":{"@id":"https:\/\/danubecup.eu\/hu\/#website"},"datePublished":"2024-02-05T19:46:46+00:00","dateModified":"2024-02-14T07:41:28+00:00","breadcrumb":{"@id":"https:\/\/danubecup.eu\/hu\/felhivas-booster-treningre\/#breadcrumb"},"inLanguage":"en-US","potentialAction":[{"@type":"ReadAction","target":["https:\/\/danubecup.eu\/hu\/felhivas-booster-treningre\/"]}]},{"@type":"BreadcrumbList","@id":"https:\/\/danubecup.eu\/hu\/felhivas-booster-treningre\/#breadcrumb","itemListElement":[{"@type":"ListItem","position":1,"name":"Home","item":"https:\/\/danubecup.eu\/hu\/"},{"@type":"ListItem","position":2,"name":"Felh\u00edv\u00e1s booster tr\u00e9ningre 2024"}]},{"@type":"WebSite","@id":"https:\/\/danubecup.eu\/hu\/#website","url":"https:\/\/danubecup.eu\/hu\/","name":"DanubeCup HU","description":"Danube Cup Hungarian Website","publisher":{"@id":"https:\/\/danubecup.eu\/hu\/#organization"},"potentialAction":[{"@type":"SearchAction","target":{"@type":"EntryPoint","urlTemplate":"https:\/\/danubecup.eu\/hu\/?s={search_term_string}"},"query-input":"required name=search_term_string"}],"inLanguage":"en-US"},{"@type":"Organization","@id":"https:\/\/danubecup.eu\/hu\/#organization","name":"DanubeCup HU","url":"https:\/\/danubecup.eu\/hu\/","logo":{"@type":"ImageObject","inLanguage":"en-US","@id":"https:\/\/danubecup.eu\/hu\/#\/schema\/logo\/image\/","url":"https:\/\/danubecup.eu\/hu\/wp-content\/uploads\/sites\/2\/2022\/02\/dc_primary_colourw.png","contentUrl":"https:\/\/danubecup.eu\/hu\/wp-content\/uploads\/sites\/2\/2022\/02\/dc_primary_colourw.png","width":512,"height":155,"caption":"DanubeCup HU"},"image":{"@id":"https:\/\/danubecup.eu\/hu\/#\/schema\/logo\/image\/"}}]}},"_links":{"self":[{"href":"https:\/\/danubecup.eu\/hu\/wp-json\/wp\/v2\/pages\/2194","targetHints":{"allow":["GET"]}}],"collection":[{"href":"https:\/\/danubecup.eu\/hu\/wp-json\/wp\/v2\/pages"}],"about":[{"href":"https:\/\/danubecup.eu\/hu\/wp-json\/wp\/v2\/types\/page"}],"author":[{"embeddable":true,"href":"https:\/\/danubecup.eu\/hu\/wp-json\/wp\/v2\/users\/1"}],"replies":[{"embeddable":true,"href":"https:\/\/danubecup.eu\/hu\/wp-json\/wp\/v2\/comments?post=2194"}],"version-history":[{"count":11,"href":"https:\/\/danubecup.eu\/hu\/wp-json\/wp\/v2\/pages\/2194\/revisions"}],"predecessor-version":[{"id":2322,"href":"https:\/\/danubecup.eu\/hu\/wp-json\/wp\/v2\/pages\/2194\/revisions\/2322"}],"wp:attachment":[{"href":"https:\/\/danubecup.eu\/hu\/wp-json\/wp\/v2\/media?parent=2194"}],"curies":[{"name":"wp","href":"https:\/\/api.w.org\/{rel}","templated":true}]}}